{"id":214,"date":"2021-11-09T15:14:05","date_gmt":"2021-11-09T15:14:05","guid":{"rendered":"https:\/\/demo.casethemes.net\/industo\/?page_id=214"},"modified":"2025-07-25T13:12:40","modified_gmt":"2025-07-25T13:12:40","slug":"chi-siamo","status":"publish","type":"page","link":"https:\/\/vaapro.com\/it\/about-us\/","title":{"rendered":"Chi siamo"},"content":{"rendered":"<div data-elementor-type=\"wp-page\" data-elementor-id=\"214\" class=\"elementor elementor-214\">\n\t\t\t\t        <section class=\"elementor-section elementor-top-section elementor-element elementor-element-95effd2 elementor-section-stretched elementor-section-boxed elementor-section-height-default elementor-section-height-default ct-header-fixed-none ct-column-none ct-row-scroll-none ct-row-gradient--none ct-row-container--default\" data-id=\"95effd2\" data-element_type=\"section\" data-e-type=\"section\" data-settings=\"{&quot;stretch_section&quot;:&quot;section-stretched&quot;,&quot;background_background&quot;:&quot;classic&quot;}\">\n            \n                        <div class=\"elementor-container elementor-column-gap-default\">\n                    <div class=\"elementor-column elementor-col-50 elementor-top-column elementor-element elementor-element-6895c2a ct-column-none col-offset-none\" data-id=\"6895c2a\" data-element_type=\"column\" data-e-type=\"column\">\n        <div class=\"elementor-widget-wrap elementor-element-populated\">\n                    \n        \t\t<div class=\"elementor-element elementor-element-da48f74 bounce-2 elementor-widget elementor-widget-ct_image\" data-id=\"da48f74\" data-element_type=\"widget\" data-e-type=\"widget\" data-widget_type=\"ct_image.default\">\n\t\t\t\t<div class=\"elementor-widget-container\">\n\t\t\t\t\t<div class=\"ct-image-single\" data-width=\"\" data-height=\"\" data-wow-delay=\"ms\">\r\n            <div class=\"ct-image-single--inner\">\r\n                            <img decoding=\"async\" width=\"77\" height=\"80\" src=\"https:\/\/vaapro.com\/wp-content\/uploads\/2021\/11\/image-holder.png\" class=\"no-lazyload img-main attachment-full\" alt=\"\" \/>                    <\/div>\r\n    <\/div>\t\t\t\t<\/div>\n\t\t\t\t<\/div>\n\t\t\t\t<div class=\"elementor-element elementor-element-adf8418 elementor-widget elementor-widget-ct_banner\" data-id=\"adf8418\" data-element_type=\"widget\" data-e-type=\"widget\" data-widget_type=\"ct_banner.default\">\n\t\t\t\t<div class=\"elementor-widget-container\">\n\t\t\t\t\t\t<div class=\"ct-banner layout2\" data-wow-delay=\"ms\">\r\n\t\t<div class=\"ct-banner-inner\">\r\n\t\t\t<div class=\"ct-banner-image\">\r\n\t\t\t\t<img fetchpriority=\"high\" decoding=\"async\" class=\"no-lazyload img-main\" src=\"https:\/\/vaapro.com\/wp-content\/uploads\/2025\/04\/valfurl-1.png\" width=\"299\" height=\"470\" alt=\"valfurl\" title=\"valfurl\" \/>\t\t\t<\/div>\r\n            <h4 class=\"item--title\">\r\n                Chi Siamo            <\/h4>\r\n            <div class=\"bg-bottom\"><\/div>\r\n\t\t<\/div>\r\n\t<\/div>\r\n\t\t\t\t<\/div>\n\t\t\t\t<\/div>\n\t\t            <\/div>\n        <\/div>\n                <div class=\"elementor-column elementor-col-50 elementor-top-column elementor-element elementor-element-3525a9b ct-column-none col-offset-none\" data-id=\"3525a9b\" data-element_type=\"column\" data-e-type=\"column\">\n        <div class=\"elementor-widget-wrap elementor-element-populated\">\n                    \n        \t\t<div class=\"elementor-element elementor-element-f49df60 heading-custom elementor-widget elementor-widget-ct_heading\" data-id=\"f49df60\" data-element_type=\"widget\" data-e-type=\"widget\" data-widget_type=\"ct_heading.default\">\n\t\t\t\t<div class=\"elementor-widget-container\">\n\t\t\t\t\t<div id=\"ct_heading-f49df60\" class=\"ct-heading h-align-left item-st-default\">\r\n    <div class=\"heading-wrapper\">\r\n        <div class=\"inner-heading\">\r\n                          \t            \t\t<div class=\"item--sub-title no-image-bg\">\r\n                                                <span>\r\n                            Benvenuti da <cite>VAAPRO<\/cite>                        <\/span>\r\n                    <\/div>\r\n            \t                <h1 class=\"item--title case-animate-time st-default\" data-wow-delay=\"ms\">\r\n                    <span class=\"slide-in-container\"><span class=\"d-inline-block wow case-fade-in-up\">Dal<\/span><\/span> <span class=\"slide-in-container\"><span class=\"d-inline-block wow case-fade-in-up\">1967:<\/span><\/span> <span class=\"slide-in-container\"><span class=\"d-inline-block wow case-fade-in-up\">I<\/span><\/span> <span class=\"slide-in-container\"><span class=\"d-inline-block wow case-fade-in-up\">Pionieri In Italia<\/span><\/span> <span class=\"slide-in-container\"><span class=\"d-inline-block wow case-fade-in-up\">Nella<\/span><\/span> <span class=\"slide-in-container\"><span class=\"d-inline-block wow case-fade-in-up\">Tecnologia<\/span><\/span> <span class=\"slide-in-container\"><span class=\"d-inline-block wow case-fade-in-up\">Della<\/span><\/span> <span class=\"slide-in-container\"><span class=\"d-inline-block wow case-fade-in-up\">Vibrazione E Dei Vagli<\/span><\/span>                <\/h1>\r\n        <\/div>\r\n    <\/div>\r\n<\/div>\r\n\t\t\t\t<\/div>\n\t\t\t\t<\/div>\n\t\t\t\t<div class=\"elementor-element elementor-element-0e022de elementor-widget elementor-widget-ct_text_editor\" data-id=\"0e022de\" data-element_type=\"widget\" data-e-type=\"widget\" data-widget_type=\"ct_text_editor.default\">\n\t\t\t\t<div class=\"elementor-widget-container\">\n\t\t\t\t\t<div id=\"ct_text_editor-0e022de\" class=\"ct-text-editor\" data-wow-delay=\"ms\">\n\t<div class=\"ct-inline-css\"  data-css=\"        \t\t\">\n\n    <\/div>\n\t<div class=\"ct-text-editor-inner elementor-clearfix\">\n\t\t<p><em>Tutto \u00e8 iniziato con l&#039;idea di progettare, produrre e vendere setacci vibranti: la stessa passione e determinazione che ancora oggi ci contraddistinguono. Continuiamo a offrire supporto tecnico esperto per tutte le sfide di vagliatura e separazione, garantendo soluzioni personalizzate per ciascuno dei nostri clienti.<\/em><\/p><p>VAAPRO \u00e8 un fornitore leader a livello mondiale di setacci vibranti e soluzioni di vagliatura. Con un team che porta con s\u00e9 oltre 50 anni di esperienza nel settore, ha supportato migliaia di clienti in pi\u00f9 di 65 settori diversi, dalle polveri alimentari fini ai granuli. Con sede centrale e produzione a Milano e una rete di agenti attiva in tutto il mondo, VAAPRO \u00e8 un'azienda con una presenza internazionale.<\/p><p>VAAPRO \u00e8 un marchio con un&#039;energia unica e distintiva che guida l&#039;azienda da un&#039;innovazione all&#039;altra. VAAPRO \u00e8 ispirazione, innovazione e visione, condivise dalle persone all&#039;interno e apprezzate dalle migliaia di clienti esterni che si affidano ai nostri prodotti ogni giorno.<\/p>\t\t\n\t<\/div>\n<\/div>\t\t\t\t<\/div>\n\t\t\t\t<\/div>\n\t\t\t\t<div class=\"elementor-element elementor-element-2094a4e elementor-widget elementor-widget-ct_fancy_box\" data-id=\"2094a4e\" data-element_type=\"widget\" data-e-type=\"widget\" data-widget_type=\"ct_fancy_box.default\">\n\t\t\t\t<div class=\"elementor-widget-container\">\n\t\t\t\t\t<div id=\"ct_fancy_box-2094a4e\" class=\"ct-fancy-box ct-fancy-box-layout1 style2\" data-wow-delay=\"ms\">\r\n    <div class=\"ct-inline-css\"  data-css=\"        \">\r\n    <\/div>\r\n    <div class=\"item--inner\">\r\n                            <div class=\"item--icon\">\r\n                <img decoding=\"async\" width=\"54\" height=\"70\" src=\"https:\/\/vaapro.com\/wp-content\/uploads\/2021\/11\/icon-fcb_03.png\" class=\"attachment-full\" alt=\"\" \/>            <\/div>\r\n                <div class=\"item--meta\">\r\n            <h4 class=\"item--title\">\r\n                Certificazioni            <\/h4>\r\n            <div class=\"item--description\">\r\n                Il nostro portafoglio prodotti diversificato \u00e8 100% Made in Italy, certificato CE e conforme alle normative FDA, MOCA e ATEX.            <\/div>\r\n        <\/div>\r\n    <\/div>\r\n<\/div>\t\t\t\t<\/div>\n\t\t\t\t<\/div>\n\t\t            <\/div>\n        <\/div>\n                    <\/div>\n        <\/section>\n                <section class=\"elementor-section elementor-top-section elementor-element elementor-element-cbe5b8a elementor-section-stretched elementor-section-boxed elementor-section-height-default elementor-section-height-default ct-header-fixed-none ct-column-none ct-row-scroll-none ct-row-gradient--none ct-row-container--default\" data-id=\"cbe5b8a\" data-element_type=\"section\" data-e-type=\"section\" data-settings=\"{&quot;stretch_section&quot;:&quot;section-stretched&quot;,&quot;background_background&quot;:&quot;classic&quot;}\">\n            \n                        <div class=\"elementor-container elementor-column-gap-extended\">\n                    <div class=\"elementor-column elementor-col-100 elementor-top-column elementor-element elementor-element-fa8d40a ct-column-none col-offset-none\" data-id=\"fa8d40a\" data-element_type=\"column\" data-e-type=\"column\">\n        <div class=\"elementor-widget-wrap elementor-element-populated\">\n                    \n        \t\t<div class=\"elementor-element elementor-element-5d27382 elementor-widget elementor-widget-ct_heading\" data-id=\"5d27382\" data-element_type=\"widget\" data-e-type=\"widget\" data-widget_type=\"ct_heading.default\">\n\t\t\t\t<div class=\"elementor-widget-container\">\n\t\t\t\t\t<div id=\"ct_heading-5d27382\" class=\"ct-heading h-align-center item-st-default\">\r\n    <div class=\"heading-wrapper\">\r\n        <div class=\"inner-heading\">\r\n                          \t            \t\t<div class=\"item--sub-title no-image-bg\">\r\n                                                <span>\r\n                            La nostra missione                        <\/span>\r\n                    <\/div>\r\n            \t                <h3 class=\"item--title case-animate-time st-default\" data-wow-delay=\"ms\">\r\n                    <span class=\"slide-in-container\"><span class=\"d-inline-block wow case-fade-in-up\">Alto<\/span><\/span> <span class=\"slide-in-container\"><span class=\"d-inline-block wow case-fade-in-up\">Qualit\u00e0<\/span><\/span> <span class=\"slide-in-container\"><span class=\"d-inline-block wow case-fade-in-up\">Tecnologia<\/span><\/span> <span class=\"slide-in-container\"><span class=\"d-inline-block wow case-fade-in-up\">setacci<\/span><\/span>                <\/h3>\r\n        <\/div>\r\n    <\/div>\r\n<\/div>\r\n\t\t\t\t<\/div>\n\t\t\t\t<\/div>\n\t\t\t\t<div class=\"elementor-element elementor-element-4c01a6b elementor-widget elementor-widget-ct_text_editor\" data-id=\"4c01a6b\" data-element_type=\"widget\" data-e-type=\"widget\" data-widget_type=\"ct_text_editor.default\">\n\t\t\t\t<div class=\"elementor-widget-container\">\n\t\t\t\t\t<div id=\"ct_text_editor-4c01a6b\" class=\"ct-text-editor\" data-wow-delay=\"ms\">\n\t<div class=\"ct-inline-css\"  data-css=\"        \t\t\">\n\n    <\/div>\n\t<div class=\"ct-text-editor-inner elementor-clearfix\">\n\t\t<p>La missione di VAAPRO \u00e8 diventare l&#039;azienda leader mondiale nel settore delle apparecchiature di vagliatura. Questo obiettivo sar\u00e0 perseguito attraverso l&#039;utilizzo del Total Quality Management (TQM) su tutto il suo ampio portafoglio di prodotti conformi alle normative FDA, MOCA e ATEX, supportato da un&#039;eccellente assistenza clienti pre e post vendita. Con l&#039;obiettivo di ottimizzare la produttivit\u00e0 e i profitti dei nostri clienti, la nostra consulenza tecnica offrir\u00e0 setacci vibranti di alta qualit\u00e0 e convenienti per soddisfare le esigenze tradizionali dei clienti e soluzioni tecniche all&#039;avanguardia per risolvere complesse problematiche di separazione delle particelle fini.<\/p><p>Consulta il nostro ampio portafoglio di prodotti che soddisfa tutti i requisiti delle apparecchiature di vagliatura oppure consulta il nostro elenco di applicazioni che potrebbero essere adatte alla tua attivit\u00e0.<\/p>\t\t\n\t<\/div>\n<\/div>\t\t\t\t<\/div>\n\t\t\t\t<\/div>\n\t\t            <\/div>\n        <\/div>\n                    <\/div>\n        <\/section>\n        \t\t<\/div>","protected":false},"excerpt":{"rendered":"<p>About Welcome to VAAPRO Since 1967: Italy\u2019s Pioneer in Vibrating Sieve Technology &#8220;It all started with the idea of designing, manufacturing and selling vibrating sieves \u2014 the same passion and determination that still define us today. We continue to offer expert technical support for all screening and separation challenges, ensuring tailored solutions for every one [&hellip;]<\/p>\n","protected":false},"author":1,"featured_media":0,"parent":0,"menu_order":0,"comment_status":"closed","ping_status":"closed","template":"","meta":{"footnotes":""},"class_list":["post-214","page","type-page","status-publish","hentry"],"yoast_head":"<!-- This site is optimized with the Yoast SEO plugin v27.1.1 - https:\/\/yoast.com\/product\/yoast-seo-wordpress\/ -->\n<title>About Us - Screening Solution, Screening Equipment - VAAPRO<\/title>\n<meta name=\"description\" content=\"About us - Vaapro provides Vibrating Screening Solutions for thousands of customers worldwide. Learn about VAAPRO here.\" \/>\n<meta name=\"robots\" content=\"index, follow, max-snippet:-1, max-image-preview:large, max-video-preview:-1\" \/>\n<link rel=\"canonical\" href=\"http:\/\/vaapro.com\/it\/chi-siamo\/\" \/>\n<meta property=\"og:locale\" content=\"it_IT\" \/>\n<meta property=\"og:type\" content=\"article\" \/>\n<meta property=\"og:title\" content=\"About Us - Screening Solution, Screening Equipment - VAAPRO\" \/>\n<meta property=\"og:description\" content=\"About us - Vaapro provides Vibrating Screening Solutions for thousands of customers worldwide. Learn about VAAPRO here.\" \/>\n<meta property=\"og:url\" content=\"http:\/\/vaapro.com\/it\/chi-siamo\/\" \/>\n<meta property=\"og:site_name\" content=\"Vibrating Screening Machines, Industrial Sieves &amp; Screening Equipment\" \/>\n<meta property=\"article:modified_time\" content=\"2025-07-25T13:12:40+00:00\" \/>\n<meta property=\"og:image\" content=\"http:\/\/vaapro.com\/wp-content\/uploads\/2021\/11\/image-holder.png\" \/>\n<meta name=\"twitter:card\" content=\"summary_large_image\" \/>\n<meta name=\"twitter:site\" content=\"@vaapro\" \/>\n<meta name=\"twitter:label1\" content=\"Tempo di lettura stimato\" \/>\n\t<meta name=\"twitter:data1\" content=\"3 minuti\" \/>\n<script type=\"application\/ld+json\" class=\"yoast-schema-graph\">{\"@context\":\"https:\/\/schema.org\",\"@graph\":[{\"@type\":\"WebPage\",\"@id\":\"http:\/\/vaapro.com\/about-us\/\",\"url\":\"http:\/\/vaapro.com\/about-us\/\",\"name\":\"About Us - Screening Solution, Screening Equipment - VAAPRO\",\"isPartOf\":{\"@id\":\"http:\/\/vaapro.com\/it\/#website\"},\"primaryImageOfPage\":{\"@id\":\"http:\/\/vaapro.com\/about-us\/#primaryimage\"},\"image\":{\"@id\":\"http:\/\/vaapro.com\/about-us\/#primaryimage\"},\"thumbnailUrl\":\"http:\/\/vaapro.com\/wp-content\/uploads\/2021\/11\/image-holder.png\",\"datePublished\":\"2021-11-09T15:14:05+00:00\",\"dateModified\":\"2025-07-25T13:12:40+00:00\",\"description\":\"About us - Vaapro provides Vibrating Screening Solutions for thousands of customers worldwide. Learn about VAAPRO here.\",\"breadcrumb\":{\"@id\":\"http:\/\/vaapro.com\/about-us\/#breadcrumb\"},\"inLanguage\":\"it-IT\",\"potentialAction\":[{\"@type\":\"ReadAction\",\"target\":[\"http:\/\/vaapro.com\/about-us\/\"]}]},{\"@type\":\"ImageObject\",\"inLanguage\":\"it-IT\",\"@id\":\"http:\/\/vaapro.com\/about-us\/#primaryimage\",\"url\":\"http:\/\/vaapro.com\/wp-content\/uploads\/2021\/11\/image-holder.png\",\"contentUrl\":\"http:\/\/vaapro.com\/wp-content\/uploads\/2021\/11\/image-holder.png\"},{\"@type\":\"BreadcrumbList\",\"@id\":\"http:\/\/vaapro.com\/about-us\/#breadcrumb\",\"itemListElement\":[{\"@type\":\"ListItem\",\"position\":1,\"name\":\"Home\",\"item\":\"http:\/\/vaapro.com\/it\/\"},{\"@type\":\"ListItem\",\"position\":2,\"name\":\"About Us\"}]},{\"@type\":\"WebSite\",\"@id\":\"http:\/\/vaapro.com\/it\/#website\",\"url\":\"http:\/\/vaapro.com\/it\/\",\"name\":\"VAAPRO Vibrating Screening Machines, Industrial Sieves & Screening Equipment\",\"description\":\"Screening solutions for your success\",\"publisher\":{\"@id\":\"http:\/\/vaapro.com\/it\/#organization\"},\"potentialAction\":[{\"@type\":\"SearchAction\",\"target\":{\"@type\":\"EntryPoint\",\"urlTemplate\":\"http:\/\/vaapro.com\/it\/?s={search_term_string}\"},\"query-input\":{\"@type\":\"PropertyValueSpecification\",\"valueRequired\":true,\"valueName\":\"search_term_string\"}}],\"inLanguage\":\"it-IT\"},{\"@type\":\"Organization\",\"@id\":\"http:\/\/vaapro.com\/it\/#organization\",\"name\":\"VAAPRO S.r.l.\",\"url\":\"http:\/\/vaapro.com\/it\/\",\"logo\":{\"@type\":\"ImageObject\",\"inLanguage\":\"it-IT\",\"@id\":\"http:\/\/vaapro.com\/it\/#\/schema\/logo\/image\/\",\"url\":\"https:\/\/vaapro.com\/wp-content\/uploads\/2024\/11\/vaapro.png\",\"contentUrl\":\"https:\/\/vaapro.com\/wp-content\/uploads\/2024\/11\/vaapro.png\",\"width\":512,\"height\":512,\"caption\":\"VAAPRO S.r.l.\"},\"image\":{\"@id\":\"http:\/\/vaapro.com\/it\/#\/schema\/logo\/image\/\"},\"sameAs\":[\"https:\/\/x.com\/vaapro\",\"https:\/\/www.linkedin.com\/company\/vaapro\",\"https:\/\/www.youtube.com\/@vaaprosrl\"]}]}<\/script>\n<!-- \/ Yoast SEO plugin. -->","yoast_head_json":{"title":"Chi Siamo - Soluzioni per la vagliatura, Attrezzature per setacciare - VAAPRO","description":"Chi Siamo - VAAPRO offre Soluzioni per setacciare prodotti per migliaia di clienti in tutto il mondo. Scopri VAAPRO qui.","robots":{"index":"index","follow":"follow","max-snippet":"max-snippet:-1","max-image-preview":"max-image-preview:large","max-video-preview":"max-video-preview:-1"},"canonical":"http:\/\/vaapro.com\/it\/chi-siamo\/","og_locale":"it_IT","og_type":"article","og_title":"About Us - Screening Solution, Screening Equipment - VAAPRO","og_description":"About us - Vaapro provides Vibrating Screening Solutions for thousands of customers worldwide. Learn about VAAPRO here.","og_url":"http:\/\/vaapro.com\/it\/chi-siamo\/","og_site_name":"Vibrating Screening Machines, Industrial Sieves &amp; Screening Equipment","article_modified_time":"2025-07-25T13:12:40+00:00","og_image":[{"url":"http:\/\/vaapro.com\/wp-content\/uploads\/2021\/11\/image-holder.png","type":"","width":"","height":""}],"twitter_card":"summary_large_image","twitter_site":"@vaapro","twitter_misc":{"Tempo di lettura stimato":"3 minuti"},"schema":{"@context":"https:\/\/schema.org","@graph":[{"@type":"WebPage","@id":"http:\/\/vaapro.com\/about-us\/","url":"http:\/\/vaapro.com\/about-us\/","name":"Chi Siamo - Soluzioni per la vagliatura, Attrezzature per setacciare - VAAPRO","isPartOf":{"@id":"http:\/\/vaapro.com\/it\/#website"},"primaryImageOfPage":{"@id":"http:\/\/vaapro.com\/about-us\/#primaryimage"},"image":{"@id":"http:\/\/vaapro.com\/about-us\/#primaryimage"},"thumbnailUrl":"http:\/\/vaapro.com\/wp-content\/uploads\/2021\/11\/image-holder.png","datePublished":"2021-11-09T15:14:05+00:00","dateModified":"2025-07-25T13:12:40+00:00","description":"Chi Siamo - VAAPRO offre Soluzioni per setacciare prodotti per migliaia di clienti in tutto il mondo. Scopri VAAPRO qui.","breadcrumb":{"@id":"http:\/\/vaapro.com\/about-us\/#breadcrumb"},"inLanguage":"it-IT","potentialAction":[{"@type":"ReadAction","target":["http:\/\/vaapro.com\/about-us\/"]}]},{"@type":"ImageObject","inLanguage":"it-IT","@id":"http:\/\/vaapro.com\/about-us\/#primaryimage","url":"http:\/\/vaapro.com\/wp-content\/uploads\/2021\/11\/image-holder.png","contentUrl":"http:\/\/vaapro.com\/wp-content\/uploads\/2021\/11\/image-holder.png"},{"@type":"BreadcrumbList","@id":"http:\/\/vaapro.com\/about-us\/#breadcrumb","itemListElement":[{"@type":"ListItem","position":1,"name":"Home","item":"http:\/\/vaapro.com\/it\/"},{"@type":"ListItem","position":2,"name":"About Us"}]},{"@type":"WebSite","@id":"http:\/\/vaapro.com\/it\/#website","url":"http:\/\/vaapro.com\/it\/","name":"VAAPRO Vibrating Screening Machines, Industrial Sieves & Screening Equipment","description":"Screening solutions for your success","publisher":{"@id":"http:\/\/vaapro.com\/it\/#organization"},"potentialAction":[{"@type":"SearchAction","target":{"@type":"EntryPoint","urlTemplate":"http:\/\/vaapro.com\/it\/?s={search_term_string}"},"query-input":{"@type":"PropertyValueSpecification","valueRequired":true,"valueName":"search_term_string"}}],"inLanguage":"it-IT"},{"@type":"Organization","@id":"http:\/\/vaapro.com\/it\/#organization","name":"VAAPRO S.r.l.","url":"http:\/\/vaapro.com\/it\/","logo":{"@type":"ImageObject","inLanguage":"it-IT","@id":"http:\/\/vaapro.com\/it\/#\/schema\/logo\/image\/","url":"https:\/\/vaapro.com\/wp-content\/uploads\/2024\/11\/vaapro.png","contentUrl":"https:\/\/vaapro.com\/wp-content\/uploads\/2024\/11\/vaapro.png","width":512,"height":512,"caption":"VAAPRO S.r.l."},"image":{"@id":"http:\/\/vaapro.com\/it\/#\/schema\/logo\/image\/"},"sameAs":["https:\/\/x.com\/vaapro","https:\/\/www.linkedin.com\/company\/vaapro","https:\/\/www.youtube.com\/@vaaprosrl"]}]}},"_links":{"self":[{"href":"https:\/\/vaapro.com\/it\/wp-json\/wp\/v2\/pages\/214","targetHints":{"allow":["GET"]}}],"collection":[{"href":"https:\/\/vaapro.com\/it\/wp-json\/wp\/v2\/pages"}],"about":[{"href":"https:\/\/vaapro.com\/it\/wp-json\/wp\/v2\/types\/page"}],"author":[{"embeddable":true,"href":"https:\/\/vaapro.com\/it\/wp-json\/wp\/v2\/users\/1"}],"replies":[{"embeddable":true,"href":"https:\/\/vaapro.com\/it\/wp-json\/wp\/v2\/comments?post=214"}],"version-history":[{"count":78,"href":"https:\/\/vaapro.com\/it\/wp-json\/wp\/v2\/pages\/214\/revisions"}],"predecessor-version":[{"id":16812,"href":"https:\/\/vaapro.com\/it\/wp-json\/wp\/v2\/pages\/214\/revisions\/16812"}],"wp:attachment":[{"href":"https:\/\/vaapro.com\/it\/wp-json\/wp\/v2\/media?parent=214"}],"curies":[{"name":"wp","href":"https:\/\/api.w.org\/{rel}","templated":true}]}}